{"id":8103,"date":"2022-09-29T19:03:14","date_gmt":"2022-09-29T17:03:14","guid":{"rendered":"https:\/\/www.rotrisl.com\/metode-rotri\/"},"modified":"2023-03-23T16:22:43","modified_gmt":"2023-03-23T15:22:43","slug":"metode-rotri","status":"publish","type":"page","link":"https:\/\/www.rotrisl.com\/ca\/metode-rotri\/","title":{"rendered":"M\u00e8tode Rotri"},"content":{"rendered":"<p>[et_pb_section fb_built=&#8221;1&#8243; _builder_version=&#8221;4.18.0&#8243; _module_preset=&#8221;default&#8221; background_color=&#8221;RGBA(255,255,255,0)&#8221; background_video_mp4=&#8221;https:\/\/www.rotrisl.com\/wp-content\/uploads\/2022\/11\/metodo-new-compressed.mp4&#8243; custom_padding=&#8221;200px||200px|3px|false|false&#8221; locked=&#8221;off&#8221; global_colors_info=&#8221;{}&#8221;][\/et_pb_section][et_pb_section fb_built=&#8221;1&#8243; _builder_version=&#8221;4.20.2&#8243; _module_preset=&#8221;default&#8221; background_color=&#8221;#F7F8FA&#8221; custom_padding=&#8221;||0px|3px||&#8221; global_colors_info=&#8221;{}&#8221;][et_pb_row _builder_version=&#8221;4.18.0&#8243; _module_preset=&#8221;default&#8221; global_colors_info=&#8221;{}&#8221;][et_pb_column type=&#8221;4_4&#8243; _builder_version=&#8221;4.18.0&#8243; _module_preset=&#8221;default&#8221; global_colors_info=&#8221;{}&#8221;][et_pb_text admin_label=&#8221;Breadcrumb&#8221; _builder_version=&#8221;4.18.0&#8243; _module_preset=&#8221;default&#8221; text_text_color=&#8221;#808080&#8243; link_font=&#8221;|600|||on|||#FF3300|&#8221; link_text_color=&#8221;#FF3300&#8243; custom_padding=&#8221;||20px||false|false&#8221; text_text_color_last_edited=&#8221;off|desktop&#8221; locked=&#8221;off&#8221; global_colors_info=&#8221;{}&#8221; text_text_color__hover_enabled=&#8221;off|hover&#8221; text_text_color__hover=&#8221;#F2F2F2&#8243;]<\/p>\n<span><span><a href=\"https:\/\/www.rotrisl.com\/ca\/\">Inici<\/a><\/span><\/span>\n<p>[\/et_pb_text][\/et_pb_column][\/et_pb_row][et_pb_row _builder_version=&#8221;4.20.2&#8243; _module_preset=&#8221;default&#8221; hover_enabled=&#8221;0&#8243; locked=&#8221;off&#8221; global_colors_info=&#8221;{}&#8221; custom_padding=&#8221;||40px||false|false&#8221; sticky_enabled=&#8221;0&#8243;][et_pb_column type=&#8221;4_4&#8243; _builder_version=&#8221;4.18.0&#8243; _module_preset=&#8221;default&#8221; global_colors_info=&#8221;{}&#8221;][et_pb_text _builder_version=&#8221;4.20.2&#8243; _module_preset=&#8221;f42e8ea3-e4c7-4f7b-bb6e-7a40df589396&#8243; custom_margin=&#8221;||10px||false|false&#8221; global_colors_info=&#8221;{}&#8221;]<\/p>\n<h1>M\u00e8tode Rotri<\/h1>\n<p>[\/et_pb_text][et_pb_text _builder_version=&#8221;4.20.2&#8243; _module_preset=&#8221;default&#8221; header_3_font=&#8221;|300|||||||&#8221; header_3_font_size=&#8221;20px&#8221; text_orientation=&#8221;center&#8221; max_width=&#8221;530px&#8221; module_alignment=&#8221;center&#8221; global_colors_info=&#8221;{}&#8221;]<\/p>\n<p data-pm-slice=\"1 1 []\">Cada projecte \u00e9s \u00fanic i amb el M\u00e8tode Rotri volem ajudar les empreses a <strong>optimitzar la seva cadena de subministrament<\/strong> reduint costos i augmentant-ne la productivitat. Els avantatges de tenir un partner log\u00edstic i no nom\u00e9s un distribu\u00efdor \u00e9s que a Rotri treballem cada projecte des de l&#8217;an\u00e0lisi inicial fins al lliurament final.<\/p>\n<p>[\/et_pb_text][\/et_pb_column][\/et_pb_row][\/et_pb_section][et_pb_section fb_built=&#8221;1&#8243; _builder_version=&#8221;4.20.2&#8243; _module_preset=&#8221;default&#8221; background_color=&#8221;#F7F8FA&#8221; custom_padding=&#8221;50px||50px||false|false&#8221; locked=&#8221;off&#8221; global_colors_info=&#8221;{}&#8221;][et_pb_row _builder_version=&#8221;4.18.0&#8243; _module_preset=&#8221;default&#8221; locked=&#8221;off&#8221; global_colors_info=&#8221;{}&#8221;][et_pb_column type=&#8221;4_4&#8243; _builder_version=&#8221;4.18.0&#8243; _module_preset=&#8221;default&#8221; global_colors_info=&#8221;{}&#8221;][et_pb_text _builder_version=&#8221;4.18.0&#8243; _module_preset=&#8221;default&#8221; global_colors_info=&#8221;{}&#8221;]<\/p>\n<h2>El m\u00e8tode Rotri<\/h2>\n<p>[\/et_pb_text][\/et_pb_column][\/et_pb_row][et_pb_row column_structure=&#8221;1_3,1_3,1_3&#8243; _builder_version=&#8221;4.18.0&#8243; _module_preset=&#8221;default&#8221; global_colors_info=&#8221;{}&#8221;][et_pb_column type=&#8221;1_3&#8243; _builder_version=&#8221;4.18.0&#8243; _module_preset=&#8221;default&#8221; global_colors_info=&#8221;{}&#8221;][et_pb_image src=&#8221;https:\/\/www.rotrisl.com\/wp-content\/uploads\/2023\/03\/metode_1.svg&#8221; alt=&#8221;m\u00e8tode 1&#8243; title_text=&#8221;metode_1&#8243; _builder_version=&#8221;4.20.2&#8243; _module_preset=&#8221;default&#8221; max_width_tablet=&#8221;400px&#8221; max_width_phone=&#8221;400px&#8221; max_width_last_edited=&#8221;on|tablet&#8221; module_alignment=&#8221;center&#8221; global_colors_info=&#8221;{}&#8221;][\/et_pb_image][et_pb_text _builder_version=&#8221;4.18.0&#8243; _module_preset=&#8221;default&#8221; global_colors_info=&#8221;{}&#8221;]<\/p>\n<p><span style=\"font-weight: 400;\"><strong>El nostre equip de professionals, amb llarga experi\u00e8ncia en el sector de l&#8217;embalatge<\/strong>, l&#8217;atendr\u00e0 de forma totalment personalitzada en tot el proc\u00e9s de desenvolupament i implementaci\u00f3, aportant-li la soluci\u00f3 \u00f2ptima per assolir el seu objectiu.<\/span><\/p>\n<p>[\/et_pb_text][\/et_pb_column][et_pb_column type=&#8221;1_3&#8243; _builder_version=&#8221;4.18.0&#8243; _module_preset=&#8221;default&#8221; global_colors_info=&#8221;{}&#8221;][et_pb_image src=&#8221;https:\/\/www.rotrisl.com\/wp-content\/uploads\/2023\/03\/metode_2.svg&#8221; alt=&#8221;m\u00e8tode 2&#8243; title_text=&#8221;metode_2&#8243; _builder_version=&#8221;4.20.2&#8243; _module_preset=&#8221;default&#8221; max_width_tablet=&#8221;400px&#8221; max_width_phone=&#8221;400px&#8221; max_width_last_edited=&#8221;on|tablet&#8221; module_alignment=&#8221;center&#8221; global_colors_info=&#8221;{}&#8221;][\/et_pb_image][et_pb_text _builder_version=&#8221;4.18.0&#8243; _module_preset=&#8221;default&#8221; global_colors_info=&#8221;{}&#8221;]<\/p>\n<p><span style=\"font-weight: 400;\"><strong>Ens desplacem a la vostra empresa per veure in situ com estan aplicant l&#8217;embalatge<\/strong> actual i obtenir la informaci\u00f3 necess\u00e0ria per presentar una proposta de millora ja sigui en reducci\u00f3 de costos, reducci\u00f3 del temps d&#8217;aplicaci\u00f3, millorar la protecci\u00f3 dels productes, o fer cr\u00e9ixer la percepci\u00f3 de la marca.<\/span><\/p>\n<p>[\/et_pb_text][\/et_pb_column][et_pb_column type=&#8221;1_3&#8243; _builder_version=&#8221;4.18.0&#8243; _module_preset=&#8221;default&#8221; global_colors_info=&#8221;{}&#8221;][et_pb_image src=&#8221;https:\/\/www.rotrisl.com\/wp-content\/uploads\/2023\/03\/metode_3.svg&#8221; alt=&#8221;m\u00e8tode 3&#8243; title_text=&#8221;metode_3&#8243; _builder_version=&#8221;4.20.2&#8243; _module_preset=&#8221;default&#8221; max_width_tablet=&#8221;400px&#8221; max_width_phone=&#8221;400px&#8221; max_width_last_edited=&#8221;on|tablet&#8221; module_alignment=&#8221;center&#8221; global_colors_info=&#8221;{}&#8221;][\/et_pb_image][et_pb_text _builder_version=&#8221;4.20.2&#8243; _module_preset=&#8221;default&#8221; global_colors_info=&#8221;{}&#8221;]<\/p>\n<p><span style=\"font-weight: 400;\"><strong>Des del nostre equip d&#8217;oficina t\u00e8cnica estudiem la soluci\u00f3 a mida<\/strong> que millor s&#8217;adapti a la casu\u00edstica i elaborem un prototip a mida i qualitat real, requerida per la seva valoraci\u00f3, amb l&#8217;objectiu de reduir materials, temps d&#8217;aplicaci\u00f3 i, com a conseq\u00fc\u00e8ncia, una reducci\u00f3 de costos de l&#8217;embalatge.<\/span><\/p>\n<p>[\/et_pb_text][\/et_pb_column][\/et_pb_row][et_pb_row column_structure=&#8221;1_3,1_3,1_3&#8243; _builder_version=&#8221;4.18.0&#8243; _module_preset=&#8221;default&#8221; global_colors_info=&#8221;{}&#8221;][et_pb_column type=&#8221;1_3&#8243; _builder_version=&#8221;4.18.0&#8243; _module_preset=&#8221;default&#8221; global_colors_info=&#8221;{}&#8221;][et_pb_image src=&#8221;https:\/\/www.rotrisl.com\/wp-content\/uploads\/2023\/03\/metode_4.svg&#8221; alt=&#8221;m\u00e8tode 4&#8243; title_text=&#8221;metode_4&#8243; _builder_version=&#8221;4.20.2&#8243; _module_preset=&#8221;default&#8221; width_last_edited=&#8221;off|tablet&#8221; max_width_tablet=&#8221;400px&#8221; max_width_phone=&#8221;400px&#8221; max_width_last_edited=&#8221;on|tablet&#8221; module_alignment=&#8221;center&#8221; global_colors_info=&#8221;{}&#8221;][\/et_pb_image][et_pb_text _builder_version=&#8221;4.18.0&#8243; _module_preset=&#8221;default&#8221; global_colors_info=&#8221;{}&#8221;]<\/p>\n<p><span style=\"font-weight: 400;\"><strong>Ens despla\u00e7arem a les seves instal\u00b7lacions amb el prototip per provar-ne l&#8217;efectivitat<\/strong> als seus canals habituals, ja sigui mitjan\u00e7ant prova de caiguda, apilament o transport.<\/span><\/p>\n<p>[\/et_pb_text][\/et_pb_column][et_pb_column type=&#8221;1_3&#8243; _builder_version=&#8221;4.18.0&#8243; _module_preset=&#8221;default&#8221; global_colors_info=&#8221;{}&#8221;][et_pb_image src=&#8221;https:\/\/www.rotrisl.com\/wp-content\/uploads\/2023\/03\/metode_5.svg&#8221; alt=&#8221;m\u00e8tode 4&#8243; title_text=&#8221;metode_5&#8243; _builder_version=&#8221;4.20.2&#8243; _module_preset=&#8221;default&#8221; width_tablet=&#8221;400px&#8221; width_last_edited=&#8221;off|tablet&#8221; max_width_tablet=&#8221;400px&#8221; max_width_phone=&#8221;400px&#8221; max_width_last_edited=&#8221;on|tablet&#8221; module_alignment=&#8221;center&#8221; global_colors_info=&#8221;{}&#8221;][\/et_pb_image][et_pb_text _builder_version=&#8221;4.18.0&#8243; _module_preset=&#8221;default&#8221; global_colors_info=&#8221;{}&#8221;]<\/p>\n<p><span style=\"font-weight: 400;\"><strong>El nostre equip de manipulaci\u00f3 li pot muntar el nou embalatge<\/strong>, format per diferents elements, i li entregarem preparat per tal que pugui utilitzar-lo, estanviant-li el proc\u00e9s de muntatge.<\/span><\/p>\n<p>[\/et_pb_text][\/et_pb_column][et_pb_column type=&#8221;1_3&#8243; _builder_version=&#8221;4.18.0&#8243; _module_preset=&#8221;default&#8221; global_colors_info=&#8221;{}&#8221;][et_pb_image src=&#8221;https:\/\/www.rotrisl.com\/wp-content\/uploads\/2023\/03\/metode_6.svg&#8221; alt=&#8221;m\u00e8tode 4&#8243; title_text=&#8221;metode_6&#8243; _builder_version=&#8221;4.20.2&#8243; _module_preset=&#8221;default&#8221; width_tablet=&#8221;&#8221; width_phone=&#8221;&#8221; width_last_edited=&#8221;on|tablet&#8221; max_width_tablet=&#8221;400px&#8221; max_width_phone=&#8221;400px&#8221; max_width_last_edited=&#8221;on|tablet&#8221; module_alignment=&#8221;center&#8221; global_colors_info=&#8221;{}&#8221;][\/et_pb_image][et_pb_text _builder_version=&#8221;4.18.0&#8243; _module_preset=&#8221;default&#8221; global_colors_info=&#8221;{}&#8221;]<\/p>\n<p><span style=\"font-weight: 400;\"><strong>Posem a la seva disposici\u00f3 l&#8217;espai suficient per emmagatzemar l\u2019embalatge<\/strong>, com a estoc de seguretat, perqu\u00e8 en pugui disposar en 24-48h i despreocupar-se de terminis de producci\u00f3.<\/span><\/p>\n<p>[\/et_pb_text][\/et_pb_column][\/et_pb_row][\/et_pb_section]<\/p>\n<span class=\"et_bloom_bottom_trigger\"><\/span>","protected":false},"excerpt":{"rendered":"<p><span><span><a href=\"https:\/\/www.rotrisl.com\/ca\/\">Inici<\/a><\/span><\/span>M\u00e8tode RotriCada projecte \u00e9s \u00fanic i amb el M\u00e8tode Rotri volem ajudar les empreses a optimitzar la seva cadena de subministrament reduint costos i augmentant-ne la productivitat. Els avantatges de tenir un partner log\u00edstic i no nom\u00e9s un distribu\u00efdor \u00e9s que a Rotri treballem cada projecte des de l&#8217;an\u00e0lisi inicial fins al lliurament final.El m\u00e8tode [&hellip;]<\/p>\n","protected":false},"author":10,"featured_media":0,"parent":0,"menu_order":3,"comment_status":"closed","ping_status":"closed","template":"","meta":{"_et_pb_use_builder":"on","_et_pb_old_content":"","_et_gb_content_width":"","footnotes":""},"class_list":["post-8103","page","type-page","status-publish","hentry"],"yoast_head":"<!-- This site is optimized with the Yoast SEO plugin v27.5 - https:\/\/yoast.com\/product\/yoast-seo-wordpress\/ -->\n<title>M\u00e8tode Rotri | Rotri<\/title>\n<meta name=\"robots\" content=\"index, follow, max-snippet:-1, max-image-preview:large, max-video-preview:-1\" \/>\n<link rel=\"canonical\" href=\"https:\/\/www.rotrisl.com\/ca\/metode-rotri\/\" \/>\n<meta property=\"og:locale\" content=\"ca_ES\" \/>\n<meta property=\"og:type\" content=\"article\" \/>\n<meta property=\"og:title\" content=\"M\u00e8tode Rotri | Rotri\" \/>\n<meta property=\"og:description\" content=\"M\u00e8tode RotriCada projecte \u00e9s \u00fanic i amb el M\u00e8tode Rotri volem ajudar les empreses a optimitzar la seva cadena de subministrament reduint costos i augmentant-ne la productivitat. Els avantatges de tenir un partner log\u00edstic i no nom\u00e9s un distribu\u00efdor \u00e9s que a Rotri treballem cada projecte des de l&#039;an\u00e0lisi inicial fins al lliurament final.El m\u00e8tode [&hellip;]\" \/>\n<meta property=\"og:url\" content=\"https:\/\/www.rotrisl.com\/ca\/metode-rotri\/\" \/>\n<meta property=\"og:site_name\" content=\"Rotri\" \/>\n<meta property=\"article:modified_time\" content=\"2023-03-23T15:22:43+00:00\" \/>\n<meta name=\"twitter:card\" content=\"summary_large_image\" \/>\n<meta name=\"twitter:label1\" content=\"Temps estimat de lectura\" \/>\n\t<meta name=\"twitter:data1\" content=\"3 minuts\" \/>\n<script type=\"application\/ld+json\" class=\"yoast-schema-graph\">{\"@context\":\"https:\\\/\\\/schema.org\",\"@graph\":[{\"@type\":\"WebPage\",\"@id\":\"https:\\\/\\\/www.rotrisl.com\\\/ca\\\/metode-rotri\\\/\",\"url\":\"https:\\\/\\\/www.rotrisl.com\\\/ca\\\/metode-rotri\\\/\",\"name\":\"M\u00e8tode Rotri | Rotri\",\"isPartOf\":{\"@id\":\"https:\\\/\\\/www.rotrisl.com\\\/ca\\\/#website\"},\"datePublished\":\"2022-09-29T17:03:14+00:00\",\"dateModified\":\"2023-03-23T15:22:43+00:00\",\"breadcrumb\":{\"@id\":\"https:\\\/\\\/www.rotrisl.com\\\/ca\\\/metode-rotri\\\/#breadcrumb\"},\"inLanguage\":\"ca\",\"potentialAction\":[{\"@type\":\"ReadAction\",\"target\":[\"https:\\\/\\\/www.rotrisl.com\\\/ca\\\/metode-rotri\\\/\"]}]},{\"@type\":\"BreadcrumbList\",\"@id\":\"https:\\\/\\\/www.rotrisl.com\\\/ca\\\/metode-rotri\\\/#breadcrumb\",\"itemListElement\":[{\"@type\":\"ListItem\",\"position\":1,\"name\":\"Inici\",\"item\":\"https:\\\/\\\/www.rotrisl.com\\\/ca\\\/\"},{\"@type\":\"ListItem\",\"position\":2,\"name\":\"M\u00e8tode Rotri\"}]},{\"@type\":\"WebSite\",\"@id\":\"https:\\\/\\\/www.rotrisl.com\\\/ca\\\/#website\",\"url\":\"https:\\\/\\\/www.rotrisl.com\\\/ca\\\/\",\"name\":\"Rotri, embalaje y log\u00edstica\",\"description\":\"Productes d'embalatge\",\"publisher\":{\"@id\":\"https:\\\/\\\/www.rotrisl.com\\\/ca\\\/#organization\"},\"potentialAction\":[{\"@type\":\"SearchAction\",\"target\":{\"@type\":\"EntryPoint\",\"urlTemplate\":\"https:\\\/\\\/www.rotrisl.com\\\/ca\\\/?s={search_term_string}\"},\"query-input\":{\"@type\":\"PropertyValueSpecification\",\"valueRequired\":true,\"valueName\":\"search_term_string\"}}],\"inLanguage\":\"ca\"},{\"@type\":\"Organization\",\"@id\":\"https:\\\/\\\/www.rotrisl.com\\\/ca\\\/#organization\",\"name\":\"ROTRI SL\",\"url\":\"https:\\\/\\\/www.rotrisl.com\\\/ca\\\/\",\"logo\":{\"@type\":\"ImageObject\",\"inLanguage\":\"ca\",\"@id\":\"https:\\\/\\\/www.rotrisl.com\\\/ca\\\/#\\\/schema\\\/logo\\\/image\\\/\",\"url\":\"https:\\\/\\\/www.rotrisl.com\\\/wp-content\\\/uploads\\\/2023\\\/07\\\/rotri-logo.png\",\"contentUrl\":\"https:\\\/\\\/www.rotrisl.com\\\/wp-content\\\/uploads\\\/2023\\\/07\\\/rotri-logo.png\",\"width\":1080,\"height\":492,\"caption\":\"ROTRI SL\"},\"image\":{\"@id\":\"https:\\\/\\\/www.rotrisl.com\\\/ca\\\/#\\\/schema\\\/logo\\\/image\\\/\"},\"sameAs\":[\"https:\\\/\\\/www.linkedin.com\\\/company\\\/rotriembalajes\\\/\",\"https:\\\/\\\/www.instagram.com\\\/rotriembalajes\\\/\"]}]}<\/script>\n<!-- \/ Yoast SEO plugin. -->","yoast_head_json":{"title":"M\u00e8tode Rotri | Rotri","robots":{"index":"index","follow":"follow","max-snippet":"max-snippet:-1","max-image-preview":"max-image-preview:large","max-video-preview":"max-video-preview:-1"},"canonical":"https:\/\/www.rotrisl.com\/ca\/metode-rotri\/","og_locale":"ca_ES","og_type":"article","og_title":"M\u00e8tode Rotri | Rotri","og_description":"M\u00e8tode RotriCada projecte \u00e9s \u00fanic i amb el M\u00e8tode Rotri volem ajudar les empreses a optimitzar la seva cadena de subministrament reduint costos i augmentant-ne la productivitat. Els avantatges de tenir un partner log\u00edstic i no nom\u00e9s un distribu\u00efdor \u00e9s que a Rotri treballem cada projecte des de l'an\u00e0lisi inicial fins al lliurament final.El m\u00e8tode [&hellip;]","og_url":"https:\/\/www.rotrisl.com\/ca\/metode-rotri\/","og_site_name":"Rotri","article_modified_time":"2023-03-23T15:22:43+00:00","twitter_card":"summary_large_image","twitter_misc":{"Temps estimat de lectura":"3 minuts"},"schema":{"@context":"https:\/\/schema.org","@graph":[{"@type":"WebPage","@id":"https:\/\/www.rotrisl.com\/ca\/metode-rotri\/","url":"https:\/\/www.rotrisl.com\/ca\/metode-rotri\/","name":"M\u00e8tode Rotri | Rotri","isPartOf":{"@id":"https:\/\/www.rotrisl.com\/ca\/#website"},"datePublished":"2022-09-29T17:03:14+00:00","dateModified":"2023-03-23T15:22:43+00:00","breadcrumb":{"@id":"https:\/\/www.rotrisl.com\/ca\/metode-rotri\/#breadcrumb"},"inLanguage":"ca","potentialAction":[{"@type":"ReadAction","target":["https:\/\/www.rotrisl.com\/ca\/metode-rotri\/"]}]},{"@type":"BreadcrumbList","@id":"https:\/\/www.rotrisl.com\/ca\/metode-rotri\/#breadcrumb","itemListElement":[{"@type":"ListItem","position":1,"name":"Inici","item":"https:\/\/www.rotrisl.com\/ca\/"},{"@type":"ListItem","position":2,"name":"M\u00e8tode Rotri"}]},{"@type":"WebSite","@id":"https:\/\/www.rotrisl.com\/ca\/#website","url":"https:\/\/www.rotrisl.com\/ca\/","name":"Rotri, embalaje y log\u00edstica","description":"Productes d'embalatge","publisher":{"@id":"https:\/\/www.rotrisl.com\/ca\/#organization"},"potentialAction":[{"@type":"SearchAction","target":{"@type":"EntryPoint","urlTemplate":"https:\/\/www.rotrisl.com\/ca\/?s={search_term_string}"},"query-input":{"@type":"PropertyValueSpecification","valueRequired":true,"valueName":"search_term_string"}}],"inLanguage":"ca"},{"@type":"Organization","@id":"https:\/\/www.rotrisl.com\/ca\/#organization","name":"ROTRI SL","url":"https:\/\/www.rotrisl.com\/ca\/","logo":{"@type":"ImageObject","inLanguage":"ca","@id":"https:\/\/www.rotrisl.com\/ca\/#\/schema\/logo\/image\/","url":"https:\/\/www.rotrisl.com\/wp-content\/uploads\/2023\/07\/rotri-logo.png","contentUrl":"https:\/\/www.rotrisl.com\/wp-content\/uploads\/2023\/07\/rotri-logo.png","width":1080,"height":492,"caption":"ROTRI SL"},"image":{"@id":"https:\/\/www.rotrisl.com\/ca\/#\/schema\/logo\/image\/"},"sameAs":["https:\/\/www.linkedin.com\/company\/rotriembalajes\/","https:\/\/www.instagram.com\/rotriembalajes\/"]}]}},"_links":{"self":[{"href":"https:\/\/www.rotrisl.com\/ca\/wp-json\/wp\/v2\/pages\/8103","targetHints":{"allow":["GET"]}}],"collection":[{"href":"https:\/\/www.rotrisl.com\/ca\/wp-json\/wp\/v2\/pages"}],"about":[{"href":"https:\/\/www.rotrisl.com\/ca\/wp-json\/wp\/v2\/types\/page"}],"author":[{"embeddable":true,"href":"https:\/\/www.rotrisl.com\/ca\/wp-json\/wp\/v2\/users\/10"}],"replies":[{"embeddable":true,"href":"https:\/\/www.rotrisl.com\/ca\/wp-json\/wp\/v2\/comments?post=8103"}],"version-history":[{"count":0,"href":"https:\/\/www.rotrisl.com\/ca\/wp-json\/wp\/v2\/pages\/8103\/revisions"}],"wp:attachment":[{"href":"https:\/\/www.rotrisl.com\/ca\/wp-json\/wp\/v2\/media?parent=8103"}],"curies":[{"name":"wp","href":"https:\/\/api.w.org\/{rel}","templated":true}]}}